{"id":75,"date":"2014-12-11T11:51:19","date_gmt":"2014-12-11T11:51:19","guid":{"rendered":"http:\/\/rodriguezcals-abogados.com\/?page_id=75"},"modified":"2015-07-24T10:00:27","modified_gmt":"2015-07-24T10:00:27","slug":"75-2","status":"publish","type":"page","link":"http:\/\/rodriguezcals-abogados.com\/?page_id=75","title":{"rendered":"ABOGADOS 24 HORAS EN MALAGA Y CADIZ"},"content":{"rendered":"<p><b>\u00a0<\/b><\/p>\n<p><a href=\"http:\/\/rodriguezcals-abogados.com\/wp-content\/uploads\/2014\/12\/Sin-t\u00edtulo.jpg\"><img loading=\"lazy\" decoding=\"async\" class=\" size-full wp-image-137 alignleft\" src=\"http:\/\/rodriguezcals-abogados.com\/wp-content\/uploads\/2014\/12\/Sin-t\u00edtulo.jpg\" alt=\"\" width=\"263\" height=\"216\" \/><\/a><\/p>\n<p style=\"text-align: justify;\">A menudo se producen situaciones que requieren la presencia de un Abogado con urgencia, accidentes, declaraciones comisar\u00eda, asistencia al Juzgado, detenciones, denuncias\u2026etc.<\/p>\n<p style=\"text-align: justify;\">Por ello Rodr\u00edguez Cals Abogados pone a disposici\u00f3n de sus clientes en M\u00e1laga y C\u00e1diz un tel\u00e9fono de urgencias 24 horas en el que podr\u00e1 requerir la presencia de un Abogado en asistencias urgentes.<\/p>\n<p><em>En horario de oficina podr\u00e1 llamar a cualquiera de nuestros n\u00fameros: <strong>952.806.728<\/strong>\u00a0<strong>&#8211;<\/strong>\u00a0<strong>649.191.101<\/strong><\/em><strong><em>.<\/em><\/strong><\/p>\n","protected":false},"excerpt":{"rendered":"<p class=\"excerpt\">\u00a0 A menudo se producen situaciones que requieren la presencia de un Abogado con urgencia, accidentes, declaraciones comisar\u00eda, asistencia al Juzgado, detenciones, denuncias\u2026etc. Por ello Rodr\u00edguez Cals Abogados pone a disposici\u00f3n de sus clientes en M\u00e1laga y C\u00e1diz un tel\u00e9fono de urgencias 24 horas en el que podr\u00e1 requerir la presencia de un Abogado en asistencias urgentes. En horario de&hellip; <a href=\"http:\/\/rodriguezcals-abogados.com\/?page_id=75\">Leer m\u00e1s &rarr;<\/a><\/p>\n","protected":false},"author":5,"featured_media":0,"parent":0,"menu_order":0,"comment_status":"closed","ping_status":"closed","template":"","meta":{"footnotes":""},"class_list":["post-75","page","type-page","status-publish","hentry","xfolkentry"],"_links":{"self":[{"href":"http:\/\/rodriguezcals-abogados.com\/index.php?rest_route=\/wp\/v2\/pages\/75","targetHints":{"allow":["GET"]}}],"collection":[{"href":"http:\/\/rodriguezcals-abogados.com\/index.php?rest_route=\/wp\/v2\/pages"}],"about":[{"href":"http:\/\/rodriguezcals-abogados.com\/index.php?rest_route=\/wp\/v2\/types\/page"}],"author":[{"embeddable":true,"href":"http:\/\/rodriguezcals-abogados.com\/index.php?rest_route=\/wp\/v2\/users\/5"}],"replies":[{"embeddable":true,"href":"http:\/\/rodriguezcals-abogados.com\/index.php?rest_route=%2Fwp%2Fv2%2Fcomments&post=75"}],"version-history":[{"count":12,"href":"http:\/\/rodriguezcals-abogados.com\/index.php?rest_route=\/wp\/v2\/pages\/75\/revisions"}],"predecessor-version":[{"id":177,"href":"http:\/\/rodriguezcals-abogados.com\/index.php?rest_route=\/wp\/v2\/pages\/75\/revisions\/177"}],"wp:attachment":[{"href":"http:\/\/rodriguezcals-abogados.com\/index.php?rest_route=%2Fwp%2Fv2%2Fmedia&parent=75"}],"curies":[{"name":"wp","href":"https:\/\/api.w.org\/{rel}","templated":true}]}}