{"id":60,"date":"2014-12-03T20:06:02","date_gmt":"2014-12-03T20:06:02","guid":{"rendered":"http:\/\/rodriguezcals-abogados.com\/?page_id=60"},"modified":"2014-12-31T08:30:11","modified_gmt":"2014-12-31T08:30:11","slug":"quienes-somos","status":"publish","type":"page","link":"http:\/\/rodriguezcals-abogados.com\/?page_id=60","title":{"rendered":"Qui\u00e9nes somos"},"content":{"rendered":"<p style=\"text-align: justify;\"><strong>RODRIGUEZ CALS ABOGADOS<\/strong>, naci\u00f3 en M\u00e1laga en 2005, sobre los principios del trabajo, el esfuerzo y el resultado. En los Procedimientos Judiciales, marcamos una clara diferencia, con respecto a la parte, en la presentaci\u00f3n y proposici\u00f3n de pruebas, b\u00e1sico para conseguir los resultados deseados.<\/p>\n<p style=\"text-align: justify;\"><img loading=\"lazy\" decoding=\"async\" class=\" size-medium wp-image-162 alignright\" src=\"http:\/\/rodriguezcals-abogados.com\/wp-content\/uploads\/2014\/12\/DespachoII1-300x188.jpg\" alt=\"Abogados Estepona\" width=\"300\" height=\"188\" srcset=\"http:\/\/rodriguezcals-abogados.com\/wp-content\/uploads\/2014\/12\/DespachoII1-300x188.jpg 300w, http:\/\/rodriguezcals-abogados.com\/wp-content\/uploads\/2014\/12\/DespachoII1-1024x640.jpg 1024w, http:\/\/rodriguezcals-abogados.com\/wp-content\/uploads\/2014\/12\/DespachoII1.jpg 1200w\" sizes=\"auto, (max-width: 300px) 100vw, 300px\" \/>En el mundo jur\u00eddico-procesal, es vital la especializaci\u00f3n, pero m\u00e1s a\u00fan, tener una\u00a0concepci\u00f3n global del derecho, debido a la interconexi\u00f3n de sus normas, por ello, trabajamos con dos \u00e1reas de especialidad como son el Civil y el Penal.<\/p>\n<p style=\"text-align: justify;\">Nuestra actuaci\u00f3n se centra, casi en exclusiva, en Sede Judicial y Centros de Detenci\u00f3n, siempre cerca del cliente, en las provincias de M\u00e1laga y C\u00e1diz, todos los d\u00edas del a\u00f1o y 24h al d\u00eda.<\/p>\n<p>Solicite una primera consulta gratuita. Le daremos nuestra valoraci\u00f3n jur\u00eddica de su caso y un presupuesto de honorarios sin compromiso.<\/p>\n","protected":false},"excerpt":{"rendered":"<p class=\"excerpt\">RODRIGUEZ CALS ABOGADOS, naci\u00f3 en M\u00e1laga en 2005, sobre los principios del trabajo, el esfuerzo y el resultado. En los Procedimientos Judiciales, marcamos una clara diferencia, con respecto a la parte, en la presentaci\u00f3n y proposici\u00f3n de pruebas, b\u00e1sico para conseguir los resultados deseados. En el mundo jur\u00eddico-procesal, es vital la especializaci\u00f3n, pero m\u00e1s a\u00fan, tener una\u00a0concepci\u00f3n global del derecho,&hellip; <a href=\"http:\/\/rodriguezcals-abogados.com\/?page_id=60\">Leer m\u00e1s &rarr;<\/a><\/p>\n","protected":false},"author":5,"featured_media":0,"parent":0,"menu_order":0,"comment_status":"closed","ping_status":"closed","template":"","meta":{"footnotes":""},"class_list":["post-60","page","type-page","status-publish","hentry","xfolkentry"],"_links":{"self":[{"href":"http:\/\/rodriguezcals-abogados.com\/index.php?rest_route=\/wp\/v2\/pages\/60","targetHints":{"allow":["GET"]}}],"collection":[{"href":"http:\/\/rodriguezcals-abogados.com\/index.php?rest_route=\/wp\/v2\/pages"}],"about":[{"href":"http:\/\/rodriguezcals-abogados.com\/index.php?rest_route=\/wp\/v2\/types\/page"}],"author":[{"embeddable":true,"href":"http:\/\/rodriguezcals-abogados.com\/index.php?rest_route=\/wp\/v2\/users\/5"}],"replies":[{"embeddable":true,"href":"http:\/\/rodriguezcals-abogados.com\/index.php?rest_route=%2Fwp%2Fv2%2Fcomments&post=60"}],"version-history":[{"count":12,"href":"http:\/\/rodriguezcals-abogados.com\/index.php?rest_route=\/wp\/v2\/pages\/60\/revisions"}],"predecessor-version":[{"id":169,"href":"http:\/\/rodriguezcals-abogados.com\/index.php?rest_route=\/wp\/v2\/pages\/60\/revisions\/169"}],"wp:attachment":[{"href":"http:\/\/rodriguezcals-abogados.com\/index.php?rest_route=%2Fwp%2Fv2%2Fmedia&parent=60"}],"curies":[{"name":"wp","href":"https:\/\/api.w.org\/{rel}","templated":true}]}}